{"id":33293,"date":"2023-08-04T09:58:36","date_gmt":"2023-08-04T09:58:36","guid":{"rendered":"https:\/\/sp-berner.com\/typ-newsletter\/"},"modified":"2023-11-08T12:32:30","modified_gmt":"2023-11-08T12:32:30","slug":"typ-newsletter","status":"publish","type":"page","link":"https:\/\/sp-berner.com\/en\/typ-newsletter\/","title":{"rendered":"TYP &#8211; newsletter"},"content":{"rendered":"\t\t<div data-elementor-type=\"wp-page\" data-elementor-id=\"33293\" class=\"elementor elementor-33293 elementor-25236\" data-elementor-post-type=\"page\">\n\t\t\t\t<div class=\"elementor-element elementor-element-5d4c5a37 e-con-full e-flex e-con e-parent\" data-id=\"5d4c5a37\" data-element_type=\"container\" data-e-type=\"container\" data-settings=\"{&quot;background_background&quot;:&quot;gradient&quot;,&quot;ekit_has_onepagescroll_dot&quot;:&quot;yes&quot;}\">\n\t\t<div class=\"elementor-element elementor-element-2c3da6ee e-con-full e-flex elementor-invisible e-con e-parent\" data-id=\"2c3da6ee\" data-element_type=\"container\" data-e-type=\"container\" data-settings=\"{&quot;animation&quot;:&quot;fadeIn&quot;,&quot;ekit_has_onepagescroll_dot&quot;:&quot;yes&quot;}\">\n\t\t\t\t<div class=\"elementor-element elementor-element-21db8342 elementor-widget elementor-widget-heading\" data-id=\"21db8342\" data-element_type=\"widget\" data-e-type=\"widget\" data-settings=\"{&quot;ekit_we_effect_on&quot;:&quot;none&quot;}\" data-widget_type=\"heading.default\">\n\t\t\t\t<div class=\"elementor-widget-container\">\n\t\t\t\t\t<h1 class=\"elementor-heading-title elementor-size-default\">Thank you for subscribing to the Sp-Berner Newsletter.<\/h1>\t\t\t\t<\/div>\n\t\t\t\t<\/div>\n\t\t\t\t<div class=\"elementor-element elementor-element-623610d elementor-widget__width-initial elementor-widget elementor-widget-heading\" data-id=\"623610d\" data-element_type=\"widget\" data-e-type=\"widget\" data-settings=\"{&quot;ekit_we_effect_on&quot;:&quot;none&quot;}\" data-widget_type=\"heading.default\">\n\t\t\t\t<div class=\"elementor-widget-container\">\n\t\t\t\t\t<h3 class=\"elementor-heading-title elementor-size-default\">You will receive the latest news by email.<\/h3>\t\t\t\t<\/div>\n\t\t\t\t<\/div>\n\t\t\t\t<div class=\"elementor-element elementor-element-cb1a91b elementor-view-stacked elementor-shape-circle elementor-widget elementor-widget-icon\" data-id=\"cb1a91b\" data-element_type=\"widget\" data-e-type=\"widget\" data-settings=\"{&quot;ekit_we_effect_on&quot;:&quot;css&quot;}\" data-widget_type=\"icon.default\">\n\t\t\t\t<div class=\"elementor-widget-container\">\n\t\t\t\t\t\t\t<div class=\"elementor-icon-wrapper\">\n\t\t\t<div class=\"elementor-icon\">\n\t\t\t<i aria-hidden=\"true\" class=\"icon icon-mail\"><\/i>\t\t\t<\/div>\n\t\t<\/div>\n\t\t\t\t\t\t<\/div>\n\t\t\t\t<\/div>\n\t\t\t\t<\/div>\n\t\t\t\t<\/div>\n\t\t\t\t<\/div>\n\t\t","protected":false},"excerpt":{"rendered":"<p>Thank you for subscribing to the Sp-Berner Newsletter. You will receive the latest news by email. [&#8230;]<\/p>\n<p><a class=\"btn btn-secondary understrap-read-more-link\" href=\"https:\/\/sp-berner.com\/en\/typ-newsletter\/\">Read More&#8230;<span class=\"screen-reader-text\"> from TYP &#8211; newsletter<\/span><\/a><\/p>\n","protected":false},"author":186,"featured_media":0,"parent":0,"menu_order":0,"comment_status":"closed","ping_status":"closed","template":"","meta":{"_acf_changed":false,"footnotes":""},"class_list":["post-33293","page","type-page","status-publish","hentry"],"acf":[],"yoast_head":"<!-- This site is optimized with the Yoast SEO plugin v27.3 - https:\/\/yoast.com\/product\/yoast-seo-wordpress\/ -->\n<title>Thank you for subscribing to the Sp-Berner Newsletter.<\/title>\n<meta name=\"robots\" content=\"index, follow, max-snippet:-1, max-image-preview:large, max-video-preview:-1\" \/>\n<link rel=\"canonical\" href=\"https:\/\/sp-berner.com\/en\/typ-newsletter\/\" \/>\n<meta property=\"og:locale\" content=\"en_US\" \/>\n<meta property=\"og:type\" content=\"article\" \/>\n<meta property=\"og:title\" content=\"Thank you for subscribing to the Sp-Berner Newsletter.\" \/>\n<meta property=\"og:description\" content=\"Thank you for subscribing to the Sp-Berner Newsletter. You will receive the latest news by email. [...]Read More... from TYP &#8211; newsletter\" \/>\n<meta property=\"og:url\" content=\"https:\/\/sp-berner.com\/en\/typ-newsletter\/\" \/>\n<meta property=\"og:site_name\" content=\"Sp Berner\" \/>\n<meta property=\"article:publisher\" content=\"https:\/\/www.facebook.com\/SpBerner\/\" \/>\n<meta property=\"article:modified_time\" content=\"2023-11-08T12:32:30+00:00\" \/>\n<meta name=\"twitter:card\" content=\"summary_large_image\" \/>\n<meta name=\"twitter:label1\" content=\"Est. reading time\" \/>\n\t<meta name=\"twitter:data1\" content=\"1 minute\" \/>\n<script type=\"application\/ld+json\" class=\"yoast-schema-graph\">{\"@context\":\"https:\\\/\\\/schema.org\",\"@graph\":[{\"@type\":\"WebPage\",\"@id\":\"https:\\\/\\\/sp-berner.com\\\/en\\\/typ-newsletter\\\/\",\"url\":\"https:\\\/\\\/sp-berner.com\\\/en\\\/typ-newsletter\\\/\",\"name\":\"Thank you for subscribing to the Sp-Berner Newsletter.\",\"isPartOf\":{\"@id\":\"https:\\\/\\\/sp-berner.com\\\/en\\\/#website\"},\"datePublished\":\"2023-08-04T09:58:36+00:00\",\"dateModified\":\"2023-11-08T12:32:30+00:00\",\"breadcrumb\":{\"@id\":\"https:\\\/\\\/sp-berner.com\\\/en\\\/typ-newsletter\\\/#breadcrumb\"},\"inLanguage\":\"en-US\",\"potentialAction\":[{\"@type\":\"ReadAction\",\"target\":[\"https:\\\/\\\/sp-berner.com\\\/en\\\/typ-newsletter\\\/\"]}]},{\"@type\":\"BreadcrumbList\",\"@id\":\"https:\\\/\\\/sp-berner.com\\\/en\\\/typ-newsletter\\\/#breadcrumb\",\"itemListElement\":[{\"@type\":\"ListItem\",\"position\":1,\"name\":\"Inicio\",\"item\":\"https:\\\/\\\/sp-berner.com\\\/en\\\/\"},{\"@type\":\"ListItem\",\"position\":2,\"name\":\"TYP &#8211; newsletter\"}]},{\"@type\":\"WebSite\",\"@id\":\"https:\\\/\\\/sp-berner.com\\\/en\\\/#website\",\"url\":\"https:\\\/\\\/sp-berner.com\\\/en\\\/\",\"name\":\"Sp-Berner\",\"description\":\"Fabricantes l\u00edderes en la inyecci\u00f3n de pl\u00e1stico sostenible\",\"publisher\":{\"@id\":\"https:\\\/\\\/sp-berner.com\\\/en\\\/#organization\"},\"alternateName\":\"Sp Berner\",\"potentialAction\":[{\"@type\":\"SearchAction\",\"target\":{\"@type\":\"EntryPoint\",\"urlTemplate\":\"https:\\\/\\\/sp-berner.com\\\/en\\\/?s={search_term_string}\"},\"query-input\":{\"@type\":\"PropertyValueSpecification\",\"valueRequired\":true,\"valueName\":\"search_term_string\"}}],\"inLanguage\":\"en-US\"},{\"@type\":\"Organization\",\"@id\":\"https:\\\/\\\/sp-berner.com\\\/en\\\/#organization\",\"name\":\"Sp-Berner\",\"url\":\"https:\\\/\\\/sp-berner.com\\\/en\\\/\",\"logo\":{\"@type\":\"ImageObject\",\"inLanguage\":\"en-US\",\"@id\":\"https:\\\/\\\/sp-berner.com\\\/en\\\/#\\\/schema\\\/logo\\\/image\\\/\",\"url\":\"https:\\\/\\\/sp-berner.com\\\/wp-content\\\/uploads\\\/2023\\\/05\\\/sp-berner-color.svg\",\"contentUrl\":\"https:\\\/\\\/sp-berner.com\\\/wp-content\\\/uploads\\\/2023\\\/05\\\/sp-berner-color.svg\",\"width\":344,\"height\":102,\"caption\":\"Sp-Berner\"},\"image\":{\"@id\":\"https:\\\/\\\/sp-berner.com\\\/en\\\/#\\\/schema\\\/logo\\\/image\\\/\"},\"sameAs\":[\"https:\\\/\\\/www.facebook.com\\\/SpBerner\\\/\"]}]}<\/script>\n<!-- \/ Yoast SEO plugin. -->","yoast_head_json":{"title":"Thank you for subscribing to the Sp-Berner Newsletter.","robots":{"index":"index","follow":"follow","max-snippet":"max-snippet:-1","max-image-preview":"max-image-preview:large","max-video-preview":"max-video-preview:-1"},"canonical":"https:\/\/sp-berner.com\/en\/typ-newsletter\/","og_locale":"en_US","og_type":"article","og_title":"Thank you for subscribing to the Sp-Berner Newsletter.","og_description":"Thank you for subscribing to the Sp-Berner Newsletter. You will receive the latest news by email. [...]Read More... from TYP &#8211; newsletter","og_url":"https:\/\/sp-berner.com\/en\/typ-newsletter\/","og_site_name":"Sp Berner","article_publisher":"https:\/\/www.facebook.com\/SpBerner\/","article_modified_time":"2023-11-08T12:32:30+00:00","twitter_card":"summary_large_image","twitter_misc":{"Est. reading time":"1 minute"},"schema":{"@context":"https:\/\/schema.org","@graph":[{"@type":"WebPage","@id":"https:\/\/sp-berner.com\/en\/typ-newsletter\/","url":"https:\/\/sp-berner.com\/en\/typ-newsletter\/","name":"Thank you for subscribing to the Sp-Berner Newsletter.","isPartOf":{"@id":"https:\/\/sp-berner.com\/en\/#website"},"datePublished":"2023-08-04T09:58:36+00:00","dateModified":"2023-11-08T12:32:30+00:00","breadcrumb":{"@id":"https:\/\/sp-berner.com\/en\/typ-newsletter\/#breadcrumb"},"inLanguage":"en-US","potentialAction":[{"@type":"ReadAction","target":["https:\/\/sp-berner.com\/en\/typ-newsletter\/"]}]},{"@type":"BreadcrumbList","@id":"https:\/\/sp-berner.com\/en\/typ-newsletter\/#breadcrumb","itemListElement":[{"@type":"ListItem","position":1,"name":"Inicio","item":"https:\/\/sp-berner.com\/en\/"},{"@type":"ListItem","position":2,"name":"TYP &#8211; newsletter"}]},{"@type":"WebSite","@id":"https:\/\/sp-berner.com\/en\/#website","url":"https:\/\/sp-berner.com\/en\/","name":"Sp-Berner","description":"Fabricantes l\u00edderes en la inyecci\u00f3n de pl\u00e1stico sostenible","publisher":{"@id":"https:\/\/sp-berner.com\/en\/#organization"},"alternateName":"Sp Berner","potentialAction":[{"@type":"SearchAction","target":{"@type":"EntryPoint","urlTemplate":"https:\/\/sp-berner.com\/en\/?s={search_term_string}"},"query-input":{"@type":"PropertyValueSpecification","valueRequired":true,"valueName":"search_term_string"}}],"inLanguage":"en-US"},{"@type":"Organization","@id":"https:\/\/sp-berner.com\/en\/#organization","name":"Sp-Berner","url":"https:\/\/sp-berner.com\/en\/","logo":{"@type":"ImageObject","inLanguage":"en-US","@id":"https:\/\/sp-berner.com\/en\/#\/schema\/logo\/image\/","url":"https:\/\/sp-berner.com\/wp-content\/uploads\/2023\/05\/sp-berner-color.svg","contentUrl":"https:\/\/sp-berner.com\/wp-content\/uploads\/2023\/05\/sp-berner-color.svg","width":344,"height":102,"caption":"Sp-Berner"},"image":{"@id":"https:\/\/sp-berner.com\/en\/#\/schema\/logo\/image\/"},"sameAs":["https:\/\/www.facebook.com\/SpBerner\/"]}]}},"_links":{"self":[{"href":"https:\/\/sp-berner.com\/en\/wp-json\/wp\/v2\/pages\/33293","targetHints":{"allow":["GET"]}}],"collection":[{"href":"https:\/\/sp-berner.com\/en\/wp-json\/wp\/v2\/pages"}],"about":[{"href":"https:\/\/sp-berner.com\/en\/wp-json\/wp\/v2\/types\/page"}],"author":[{"embeddable":true,"href":"https:\/\/sp-berner.com\/en\/wp-json\/wp\/v2\/users\/186"}],"replies":[{"embeddable":true,"href":"https:\/\/sp-berner.com\/en\/wp-json\/wp\/v2\/comments?post=33293"}],"version-history":[{"count":0,"href":"https:\/\/sp-berner.com\/en\/wp-json\/wp\/v2\/pages\/33293\/revisions"}],"wp:attachment":[{"href":"https:\/\/sp-berner.com\/en\/wp-json\/wp\/v2\/media?parent=33293"}],"curies":[{"name":"wp","href":"https:\/\/api.w.org\/{rel}","templated":true}]}}