{"id":25752,"date":"2023-08-02T07:53:30","date_gmt":"2023-08-02T07:53:30","guid":{"rendered":"https:\/\/sp-berner.com\/terminos-y-condiciones-de-compra\/"},"modified":"2023-08-30T07:28:59","modified_gmt":"2023-08-30T07:28:59","slug":"terms-and-conditions-ofpurchase","status":"publish","type":"page","link":"https:\/\/sp-berner.com\/en\/terms-and-conditions-ofpurchase\/","title":{"rendered":"Terms and conditions of purchase"},"content":{"rendered":"\t\t<div data-elementor-type=\"wp-page\" data-elementor-id=\"25752\" class=\"elementor elementor-25752 elementor-23557\" data-elementor-post-type=\"page\">\n\t\t\t\t<div class=\"elementor-element elementor-element-5d4c5a37 e-con-full e-flex e-con e-parent\" data-id=\"5d4c5a37\" data-element_type=\"container\" data-e-type=\"container\" data-settings=\"{&quot;background_background&quot;:&quot;classic&quot;,&quot;ekit_has_onepagescroll_dot&quot;:&quot;yes&quot;}\">\n\t\t<div class=\"elementor-element elementor-element-2c3da6ee e-con-full e-flex elementor-invisible e-con e-parent\" data-id=\"2c3da6ee\" data-element_type=\"container\" data-e-type=\"container\" data-settings=\"{&quot;animation&quot;:&quot;fadeIn&quot;,&quot;ekit_has_onepagescroll_dot&quot;:&quot;yes&quot;}\">\n\t\t\t\t<div class=\"elementor-element elementor-element-1437e2b7 elementor-widget elementor-widget-heading\" data-id=\"1437e2b7\" data-element_type=\"widget\" data-e-type=\"widget\" data-settings=\"{&quot;ekit_we_effect_on&quot;:&quot;none&quot;}\" data-widget_type=\"heading.default\">\n\t\t\t\t<div class=\"elementor-widget-container\">\n\t\t\t\t\t<h1 class=\"elementor-heading-title elementor-size-default\">General conditions<\/h1>\t\t\t\t<\/div>\n\t\t\t\t<\/div>\n\t\t\t\t<\/div>\n\t\t\t\t<\/div>\n\t\t<div class=\"elementor-element elementor-element-acc32d5 e-flex e-con-boxed e-con e-parent\" data-id=\"acc32d5\" data-element_type=\"container\" data-e-type=\"container\" data-settings=\"{&quot;ekit_has_onepagescroll_dot&quot;:&quot;yes&quot;}\">\n\t\t\t\t\t<div class=\"e-con-inner\">\n\t\t\t\t<div class=\"elementor-element elementor-element-fa692b3 elementor-widget__width-initial elementor-widget elementor-widget-text-editor\" data-id=\"fa692b3\" data-element_type=\"widget\" data-e-type=\"widget\" data-settings=\"{&quot;ekit_we_effect_on&quot;:&quot;none&quot;}\" data-widget_type=\"text-editor.default\">\n\t\t\t\t<div class=\"elementor-widget-container\">\n\t\t\t\t\t\t\t\t\t<p>The following general terms and conditions apply to the sale of all products and services provided by the website <a href=\"https:\/\/www.sp-berner.com\/tienda\">https:\/\/www.sp-berner.com\/tienda<\/a><\/p><p>Therefore, any use of the services provided by www.sp-berner.com by the user assumes that the user adheres to the conditions herein, which are set out and published by <strong>Sp-Berner Plastic Group, S.L.<\/strong> The user must read the General Conditions carefully before making a purchase.<\/p><p><strong>Sp-Berner Plastic Group, S.L. <\/strong>reserves the right to modify these conditions, articles and prices at any time. It will always, however, respect the contracts that have been previously made by the user.<\/p><h2>PRICES<\/h2><p>The prices are those indicated on the website <a href=\"https:\/\/www.sp-berner.com\/tienda\">https:\/\/www.sp-berner.com\/tienda<\/a> at the time the order is placed. The price indicated for each product includes VAT (Value Added Tax).<\/p><h2>METHOD OF PAYMENT<\/h2><p>Purchases may be made using a secure payment gateway for payment by credit card (1).<\/p><p>(1) The payment gateway will be made through Diempi Online, S.L. with address at Pol\u00edgono Malpica, C. E, 88, 50016 Zaragoza, Sheet, volume, page, and Tax ID\u00a0 B99324212, registered in the Mercantile Registry of Zaragoza. This company is authorised by Sp-Berner Plastic Group, S.L., to provide this service through the online shop <a href=\"https:\/\/www.sp-berner.com\/tienda\">https:\/\/www.sp-berner.com\/tienda<\/a><\/p><p>This is the most secure way to make purchases over the Internet. The credit card information is encrypted using a secure protocol (https) and is sent exclusively to the bank, which is responsible for validating the card.<\/p><p>The procedure is the same as for traditional retail POS terminals, with the same security, and the customer&#8217;s details are transmitted directly to the bank, which verifies them in real time and communicates them to the merchant and the customer immediately.<\/p><p>You may use Visa and MasterCard. Your card will be charged on a deferred basis, that is, at the time the shipment is prepared. This way, you will only be charged for the items sent and at the time the shipment is prepared. When you finalise your order, you will be redirected to the Redsys POS page so that you can enter your financial details quickly and securely. In the event that the POS informs you that the card has been refused, the order will change status to pending payment. Should there be no change in the order after a certain period of time, the order will automatically be cancelled. Payments with cards that do not comply with this requirement will not be accepted. As an alternative, we suggest payment by bank transfer. For security reasons, Sp-Berner Plastic Group, S.L. reserves the right not to accept certain transactions made by credit card. In the event that the order is cancelled once it has been charged, the amount charged will be refunded to the original credit card that was used to make the charge.<\/p><p>The website <a href=\"https:\/\/www.sp-berner.com\/tienda\">https:\/\/www.sp-berner.com\/tienda<\/a> receives no data from the card being used. The information is transmitted to the bank that owns the payment gateway, in our case Banco Popular Espa\u00f1ol.<\/p><h2>DELIVERY<\/h2><p>All orders will be shipped exclusively by a courier company. Goods will be delivered to the address specified by the purchaser. This address may be different from the purchaser&#8217;s residence and delivered to any person indicated by the purchaser, and in all cases identification will be required upon delivery of the package.<\/p><p>Delivery will take approximately 2 to 3 days. In the event that any of the products are not available at the time of the order, Sp-Berner Plastic Group, S.L., will communicate the new estimated delivery time, or any incident that may have occurred in relation to the level of stock, by e-mail. <a href=\"mailto:shop@sp-berner.com\">shop@sp-berner.com<\/a> or by telephone.<\/p><h2>SHIPPING COSTS<\/h2><p>Free shipping. For shipments outside the peninsula and to the Balearic Islands, please ask for a quote and delivery time by e-mail to <a href=\"mailto:shop@sp-berner.com\">shop@sp-berner.com<\/a>.<\/p><h2>EXCHANGES<\/h2><p>All exchanges due to defective products can be made within 15 working days of receipt of the order. Before doing so, an e-mail must be sent to <a href=\"mailto:shop@sp-berner.com\">shop@sp-berner.com<\/a>. All shipping will be free.<\/p><h2>RETURN POLICY<\/h2><p>Returns must be made within 15 working days of receipt of the order. To do so, the buyer must send an e-mail to <a href=\"mailto:shop@sp-berner.com\">shop@sp-berner.com<\/a>. In these cases, the customer will only be responsible for the shipping costs. All returns, for whatever reason, must be made in the original packaging.<\/p><p>When returning goods, the buyer may choose the transport company. Acknowledgement of receipt is recommended. The buyer will not be charged for returning defective products, provided that it is reported within 15 working days of having received the order.<\/p><h2>SECURITY<\/h2><p>All payment transactions are carried out through a secure server. <strong>Sp-Berner Plastic Group, S.L. and Diempi Online, S.L.<\/strong> guarantee security and confidentiality in all communications with the user.<\/p><p>All personal data provided by customers of <strong>Sp-Berner Plastic Group, S.L<\/strong>. are registered with the Data Protection Agency in accordance with the provisions of Organic Law 15\/1999, of 13 December, on the Protection of Personal Data.<\/p><h2>LEGALITY<\/h2><p>All sales and purchases made through <a href=\"https:\/\/www.sp-berner.com\/tienda\">https:\/\/www.sp-berner.com\/tienda<\/a> are subject to current Spanish legislation. For any problem arising from this contract, both parties expressly submit to the Courts and Tribunals of Valencia.<\/p>\t\t\t\t\t\t\t\t<\/div>\n\t\t\t\t<\/div>\n\t\t\t\t\t<\/div>\n\t\t\t\t<\/div>\n\t\t\t\t<\/div>\n\t\t","protected":false},"excerpt":{"rendered":"<p>General conditions The following general terms and conditions apply to the sale of all products and services provided by the website https:\/\/www.sp-berner.com\/tienda Therefore, any use of the services provided by www.sp-berner.com by the user assumes that the user adheres to the conditions herein, which are set out and published by Sp-Berner Plastic Group, S.L. The [&#8230;]<\/p>\n<p><a class=\"btn btn-secondary understrap-read-more-link\" href=\"https:\/\/sp-berner.com\/en\/terms-and-conditions-ofpurchase\/\">Read More&#8230;<span class=\"screen-reader-text\"> from Terms and conditions of purchase<\/span><\/a><\/p>\n","protected":false},"author":186,"featured_media":14739,"parent":0,"menu_order":0,"comment_status":"closed","ping_status":"closed","template":"","meta":{"_acf_changed":false,"footnotes":""},"class_list":["post-25752","page","type-page","status-publish","has-post-thumbnail","hentry"],"acf":[],"yoast_head":"<!-- This site is optimized with the Yoast SEO plugin v27.3 - https:\/\/yoast.com\/product\/yoast-seo-wordpress\/ -->\n<title>Terms and conditions of purchase Sp-Berner<\/title>\n<meta name=\"robots\" content=\"noindex, nofollow\" \/>\n<meta property=\"og:locale\" content=\"en_US\" \/>\n<meta property=\"og:type\" content=\"article\" \/>\n<meta property=\"og:title\" content=\"Terms and conditions of purchase Sp-Berner\" \/>\n<meta property=\"og:description\" content=\"General conditions The following general terms and conditions apply to the sale of all products and services provided by the website https:\/\/www.sp-berner.com\/tienda Therefore, any use of the services provided by www.sp-berner.com by the user assumes that the user adheres to the conditions herein, which are set out and published by Sp-Berner Plastic Group, S.L. The [...]Read More... from Terms and conditions of purchase\" \/>\n<meta property=\"og:url\" content=\"https:\/\/sp-berner.com\/en\/terms-and-conditions-ofpurchase\/\" \/>\n<meta property=\"og:site_name\" content=\"Sp Berner\" \/>\n<meta property=\"article:publisher\" content=\"https:\/\/www.facebook.com\/SpBerner\/\" \/>\n<meta property=\"article:modified_time\" content=\"2023-08-30T07:28:59+00:00\" \/>\n<meta property=\"og:image\" content=\"https:\/\/sp-berner.com\/wp-content\/uploads\/2023\/07\/header-textos-legales.jpg\" \/>\n\t<meta property=\"og:image:width\" content=\"2100\" \/>\n\t<meta property=\"og:image:height\" content=\"775\" \/>\n\t<meta property=\"og:image:type\" content=\"image\/jpeg\" \/>\n<meta name=\"twitter:card\" content=\"summary_large_image\" \/>\n<meta name=\"twitter:label1\" content=\"Est. reading time\" \/>\n\t<meta name=\"twitter:data1\" content=\"4 minutes\" \/>\n<script type=\"application\/ld+json\" class=\"yoast-schema-graph\">{\"@context\":\"https:\\\/\\\/schema.org\",\"@graph\":[{\"@type\":\"WebPage\",\"@id\":\"https:\\\/\\\/sp-berner.com\\\/en\\\/terms-and-conditions-ofpurchase\\\/\",\"url\":\"https:\\\/\\\/sp-berner.com\\\/en\\\/terms-and-conditions-ofpurchase\\\/\",\"name\":\"Terms and conditions of purchase Sp-Berner\",\"isPartOf\":{\"@id\":\"https:\\\/\\\/sp-berner.com\\\/en\\\/#website\"},\"primaryImageOfPage\":{\"@id\":\"https:\\\/\\\/sp-berner.com\\\/en\\\/terms-and-conditions-ofpurchase\\\/#primaryimage\"},\"image\":{\"@id\":\"https:\\\/\\\/sp-berner.com\\\/en\\\/terms-and-conditions-ofpurchase\\\/#primaryimage\"},\"thumbnailUrl\":\"https:\\\/\\\/sp-berner.com\\\/wp-content\\\/uploads\\\/2023\\\/07\\\/header-textos-legales.jpg\",\"datePublished\":\"2023-08-02T07:53:30+00:00\",\"dateModified\":\"2023-08-30T07:28:59+00:00\",\"breadcrumb\":{\"@id\":\"https:\\\/\\\/sp-berner.com\\\/en\\\/terms-and-conditions-ofpurchase\\\/#breadcrumb\"},\"inLanguage\":\"en-US\",\"potentialAction\":[{\"@type\":\"ReadAction\",\"target\":[\"https:\\\/\\\/sp-berner.com\\\/en\\\/terms-and-conditions-ofpurchase\\\/\"]}]},{\"@type\":\"ImageObject\",\"inLanguage\":\"en-US\",\"@id\":\"https:\\\/\\\/sp-berner.com\\\/en\\\/terms-and-conditions-ofpurchase\\\/#primaryimage\",\"url\":\"https:\\\/\\\/sp-berner.com\\\/wp-content\\\/uploads\\\/2023\\\/07\\\/header-textos-legales.jpg\",\"contentUrl\":\"https:\\\/\\\/sp-berner.com\\\/wp-content\\\/uploads\\\/2023\\\/07\\\/header-textos-legales.jpg\",\"width\":2100,\"height\":775,\"caption\":\"Sp-Berner\"},{\"@type\":\"BreadcrumbList\",\"@id\":\"https:\\\/\\\/sp-berner.com\\\/en\\\/terms-and-conditions-ofpurchase\\\/#breadcrumb\",\"itemListElement\":[{\"@type\":\"ListItem\",\"position\":1,\"name\":\"Inicio\",\"item\":\"https:\\\/\\\/sp-berner.com\\\/en\\\/\"},{\"@type\":\"ListItem\",\"position\":2,\"name\":\"Terms and conditions of purchase\"}]},{\"@type\":\"WebSite\",\"@id\":\"https:\\\/\\\/sp-berner.com\\\/en\\\/#website\",\"url\":\"https:\\\/\\\/sp-berner.com\\\/en\\\/\",\"name\":\"Sp-Berner\",\"description\":\"Fabricantes l\u00edderes en la inyecci\u00f3n de pl\u00e1stico sostenible\",\"publisher\":{\"@id\":\"https:\\\/\\\/sp-berner.com\\\/en\\\/#organization\"},\"alternateName\":\"Sp Berner\",\"potentialAction\":[{\"@type\":\"SearchAction\",\"target\":{\"@type\":\"EntryPoint\",\"urlTemplate\":\"https:\\\/\\\/sp-berner.com\\\/en\\\/?s={search_term_string}\"},\"query-input\":{\"@type\":\"PropertyValueSpecification\",\"valueRequired\":true,\"valueName\":\"search_term_string\"}}],\"inLanguage\":\"en-US\"},{\"@type\":\"Organization\",\"@id\":\"https:\\\/\\\/sp-berner.com\\\/en\\\/#organization\",\"name\":\"Sp-Berner\",\"url\":\"https:\\\/\\\/sp-berner.com\\\/en\\\/\",\"logo\":{\"@type\":\"ImageObject\",\"inLanguage\":\"en-US\",\"@id\":\"https:\\\/\\\/sp-berner.com\\\/en\\\/#\\\/schema\\\/logo\\\/image\\\/\",\"url\":\"https:\\\/\\\/sp-berner.com\\\/wp-content\\\/uploads\\\/2023\\\/05\\\/sp-berner-color.svg\",\"contentUrl\":\"https:\\\/\\\/sp-berner.com\\\/wp-content\\\/uploads\\\/2023\\\/05\\\/sp-berner-color.svg\",\"width\":344,\"height\":102,\"caption\":\"Sp-Berner\"},\"image\":{\"@id\":\"https:\\\/\\\/sp-berner.com\\\/en\\\/#\\\/schema\\\/logo\\\/image\\\/\"},\"sameAs\":[\"https:\\\/\\\/www.facebook.com\\\/SpBerner\\\/\"]}]}<\/script>\n<!-- \/ Yoast SEO plugin. -->","yoast_head_json":{"title":"Terms and conditions of purchase Sp-Berner","robots":{"index":"noindex","follow":"nofollow"},"og_locale":"en_US","og_type":"article","og_title":"Terms and conditions of purchase Sp-Berner","og_description":"General conditions The following general terms and conditions apply to the sale of all products and services provided by the website https:\/\/www.sp-berner.com\/tienda Therefore, any use of the services provided by www.sp-berner.com by the user assumes that the user adheres to the conditions herein, which are set out and published by Sp-Berner Plastic Group, S.L. The [...]Read More... from Terms and conditions of purchase","og_url":"https:\/\/sp-berner.com\/en\/terms-and-conditions-ofpurchase\/","og_site_name":"Sp Berner","article_publisher":"https:\/\/www.facebook.com\/SpBerner\/","article_modified_time":"2023-08-30T07:28:59+00:00","og_image":[{"width":2100,"height":775,"url":"https:\/\/sp-berner.com\/wp-content\/uploads\/2023\/07\/header-textos-legales.jpg","type":"image\/jpeg"}],"twitter_card":"summary_large_image","twitter_misc":{"Est. reading time":"4 minutes"},"schema":{"@context":"https:\/\/schema.org","@graph":[{"@type":"WebPage","@id":"https:\/\/sp-berner.com\/en\/terms-and-conditions-ofpurchase\/","url":"https:\/\/sp-berner.com\/en\/terms-and-conditions-ofpurchase\/","name":"Terms and conditions of purchase Sp-Berner","isPartOf":{"@id":"https:\/\/sp-berner.com\/en\/#website"},"primaryImageOfPage":{"@id":"https:\/\/sp-berner.com\/en\/terms-and-conditions-ofpurchase\/#primaryimage"},"image":{"@id":"https:\/\/sp-berner.com\/en\/terms-and-conditions-ofpurchase\/#primaryimage"},"thumbnailUrl":"https:\/\/sp-berner.com\/wp-content\/uploads\/2023\/07\/header-textos-legales.jpg","datePublished":"2023-08-02T07:53:30+00:00","dateModified":"2023-08-30T07:28:59+00:00","breadcrumb":{"@id":"https:\/\/sp-berner.com\/en\/terms-and-conditions-ofpurchase\/#breadcrumb"},"inLanguage":"en-US","potentialAction":[{"@type":"ReadAction","target":["https:\/\/sp-berner.com\/en\/terms-and-conditions-ofpurchase\/"]}]},{"@type":"ImageObject","inLanguage":"en-US","@id":"https:\/\/sp-berner.com\/en\/terms-and-conditions-ofpurchase\/#primaryimage","url":"https:\/\/sp-berner.com\/wp-content\/uploads\/2023\/07\/header-textos-legales.jpg","contentUrl":"https:\/\/sp-berner.com\/wp-content\/uploads\/2023\/07\/header-textos-legales.jpg","width":2100,"height":775,"caption":"Sp-Berner"},{"@type":"BreadcrumbList","@id":"https:\/\/sp-berner.com\/en\/terms-and-conditions-ofpurchase\/#breadcrumb","itemListElement":[{"@type":"ListItem","position":1,"name":"Inicio","item":"https:\/\/sp-berner.com\/en\/"},{"@type":"ListItem","position":2,"name":"Terms and conditions of purchase"}]},{"@type":"WebSite","@id":"https:\/\/sp-berner.com\/en\/#website","url":"https:\/\/sp-berner.com\/en\/","name":"Sp-Berner","description":"Fabricantes l\u00edderes en la inyecci\u00f3n de pl\u00e1stico sostenible","publisher":{"@id":"https:\/\/sp-berner.com\/en\/#organization"},"alternateName":"Sp Berner","potentialAction":[{"@type":"SearchAction","target":{"@type":"EntryPoint","urlTemplate":"https:\/\/sp-berner.com\/en\/?s={search_term_string}"},"query-input":{"@type":"PropertyValueSpecification","valueRequired":true,"valueName":"search_term_string"}}],"inLanguage":"en-US"},{"@type":"Organization","@id":"https:\/\/sp-berner.com\/en\/#organization","name":"Sp-Berner","url":"https:\/\/sp-berner.com\/en\/","logo":{"@type":"ImageObject","inLanguage":"en-US","@id":"https:\/\/sp-berner.com\/en\/#\/schema\/logo\/image\/","url":"https:\/\/sp-berner.com\/wp-content\/uploads\/2023\/05\/sp-berner-color.svg","contentUrl":"https:\/\/sp-berner.com\/wp-content\/uploads\/2023\/05\/sp-berner-color.svg","width":344,"height":102,"caption":"Sp-Berner"},"image":{"@id":"https:\/\/sp-berner.com\/en\/#\/schema\/logo\/image\/"},"sameAs":["https:\/\/www.facebook.com\/SpBerner\/"]}]}},"_links":{"self":[{"href":"https:\/\/sp-berner.com\/en\/wp-json\/wp\/v2\/pages\/25752","targetHints":{"allow":["GET"]}}],"collection":[{"href":"https:\/\/sp-berner.com\/en\/wp-json\/wp\/v2\/pages"}],"about":[{"href":"https:\/\/sp-berner.com\/en\/wp-json\/wp\/v2\/types\/page"}],"author":[{"embeddable":true,"href":"https:\/\/sp-berner.com\/en\/wp-json\/wp\/v2\/users\/186"}],"replies":[{"embeddable":true,"href":"https:\/\/sp-berner.com\/en\/wp-json\/wp\/v2\/comments?post=25752"}],"version-history":[{"count":0,"href":"https:\/\/sp-berner.com\/en\/wp-json\/wp\/v2\/pages\/25752\/revisions"}],"wp:featuredmedia":[{"embeddable":true,"href":"https:\/\/sp-berner.com\/en\/wp-json\/wp\/v2\/media\/14739"}],"wp:attachment":[{"href":"https:\/\/sp-berner.com\/en\/wp-json\/wp\/v2\/media?parent=25752"}],"curies":[{"name":"wp","href":"https:\/\/api.w.org\/{rel}","templated":true}]}}