{"id":16395,"date":"2023-06-14T08:27:42","date_gmt":"2023-06-14T08:27:42","guid":{"rendered":"https:\/\/sp-berner.com\/ofertas-empleo-sp-berner\/"},"modified":"2023-10-18T08:38:41","modified_gmt":"2023-10-18T08:38:41","slug":"employment-opportunities-sp-berner","status":"publish","type":"page","link":"https:\/\/sp-berner.com\/en\/employment-opportunities-sp-berner\/","title":{"rendered":"Employment opportunities"},"content":{"rendered":"\t\t<div data-elementor-type=\"wp-page\" data-elementor-id=\"16395\" class=\"elementor elementor-16395 elementor-3997\" data-elementor-post-type=\"page\">\n\t\t\t\t<div class=\"elementor-element elementor-element-a0ca215 e-con-full e-flex e-con e-parent\" data-id=\"a0ca215\" data-element_type=\"container\" data-e-type=\"container\" data-settings=\"{&quot;background_background&quot;:&quot;classic&quot;,&quot;ekit_has_onepagescroll_dot&quot;:&quot;yes&quot;}\">\n\t\t<div class=\"elementor-element elementor-element-98f5b5e e-con-full e-flex elementor-invisible e-con e-parent\" data-id=\"98f5b5e\" data-element_type=\"container\" data-e-type=\"container\" data-settings=\"{&quot;animation&quot;:&quot;fadeIn&quot;,&quot;ekit_has_onepagescroll_dot&quot;:&quot;yes&quot;}\">\n\t\t\t\t<div class=\"elementor-element elementor-element-e5d89ad elementor-widget elementor-widget-heading\" data-id=\"e5d89ad\" data-element_type=\"widget\" data-e-type=\"widget\" data-settings=\"{&quot;ekit_we_effect_on&quot;:&quot;none&quot;}\" data-widget_type=\"heading.default\">\n\t\t\t\t<div class=\"elementor-widget-container\">\n\t\t\t\t\t<h1 class=\"elementor-heading-title elementor-size-default\">Would you like to work with Sp-Berner?<\/h1>\t\t\t\t<\/div>\n\t\t\t\t<\/div>\n\t\t\t\t<div class=\"elementor-element elementor-element-ed862d5 elementor-widget elementor-widget-text-editor\" data-id=\"ed862d5\" data-element_type=\"widget\" data-e-type=\"widget\" data-settings=\"{&quot;ekit_we_effect_on&quot;:&quot;none&quot;}\" data-widget_type=\"text-editor.default\">\n\t\t\t\t<div class=\"elementor-widget-container\">\n\t\t\t\t\t\t\t\t\t<p>Consult our job offers and send us your curriculum vitae<\/p>\t\t\t\t\t\t\t\t<\/div>\n\t\t\t\t<\/div>\n\t\t\t\t<\/div>\n\t\t\t\t<\/div>\n\t\t<div class=\"elementor-element elementor-element-d9e73bf e-flex e-con-boxed e-con e-parent\" data-id=\"d9e73bf\" data-element_type=\"container\" data-e-type=\"container\" data-settings=\"{&quot;background_background&quot;:&quot;classic&quot;,&quot;ekit_has_onepagescroll_dot&quot;:&quot;yes&quot;}\">\n\t\t\t\t\t<div class=\"e-con-inner\">\n\t\t<div class=\"elementor-element elementor-element-1dd8ed1 e-flex e-con-boxed e-con e-parent\" data-id=\"1dd8ed1\" data-element_type=\"container\" data-e-type=\"container\" data-settings=\"{&quot;ekit_has_onepagescroll_dot&quot;:&quot;yes&quot;}\">\n\t\t\t\t\t<div class=\"e-con-inner\">\n\t\t\t\t<div class=\"elementor-element elementor-element-ea2dcd1 elementor-widget elementor-widget-heading\" data-id=\"ea2dcd1\" data-element_type=\"widget\" data-e-type=\"widget\" data-settings=\"{&quot;ekit_we_effect_on&quot;:&quot;none&quot;}\" data-widget_type=\"heading.default\">\n\t\t\t\t<div class=\"elementor-widget-container\">\n\t\t\t\t\t<h3 class=\"elementor-heading-title elementor-size-default\"><strong>Passion, innovation, honesty and customer focus <\/strong>are the driving force behind this leading sustainable plastic products manufacturer. We make home life easier for millions of people all over the world. Join the Sp-Berner movement and be part of a world-class team!<\/h3>\t\t\t\t<\/div>\n\t\t\t\t<\/div>\n\t\t<div class=\"elementor-element elementor-element-a7a1175 e-flex e-con-boxed e-con e-parent\" data-id=\"a7a1175\" data-element_type=\"container\" data-e-type=\"container\" data-settings=\"{&quot;background_background&quot;:&quot;classic&quot;,&quot;ekit_has_onepagescroll_dot&quot;:&quot;yes&quot;}\">\n\t\t\t\t\t<div class=\"e-con-inner\">\n\t\t\t\t<div class=\"elementor-element elementor-element-276bd13 elementor-widget elementor-widget-html\" data-id=\"276bd13\" data-element_type=\"widget\" data-e-type=\"widget\" data-settings=\"{&quot;ekit_we_effect_on&quot;:&quot;none&quot;}\" data-widget_type=\"html.default\">\n\t\t\t\t<div class=\"elementor-widget-container\">\n\t\t\t\t\t<div id=\"tc-jswidget\" data-client-id=\"1fb40ba5638ee3c0b0d36bea17e29f69\" data-lang=\"en\" data-job-listing=\"1\"><\/div>\n\n<script id=\"tc-jswidget-script\" type=\"application\/javascript\" src=\"https:\/\/careers.talentclue.com\/sites\/static\/widget\/jswidget.min.js\"><\/script>\n\t\t\t\t<\/div>\n\t\t\t\t<\/div>\n\t\t\t\t\t<\/div>\n\t\t\t\t<\/div>\n\t\t\t\t\t<\/div>\n\t\t\t\t<\/div>\n\t\t\t\t\t<\/div>\n\t\t\t\t<\/div>\n\t\t\t\t<\/div>\n\t\t","protected":false},"excerpt":{"rendered":"<p>Would you like to work with Sp-Berner? Consult our job offers and send us your curriculum vitae Passion, innovation, honesty and customer focus are the driving force behind this leading sustainable plastic products manufacturer. We make home life easier for millions of people all over the world. Join the Sp-Berner movement and be part of [&#8230;]<\/p>\n<p><a class=\"btn btn-secondary understrap-read-more-link\" href=\"https:\/\/sp-berner.com\/en\/employment-opportunities-sp-berner\/\">Read More&#8230;<span class=\"screen-reader-text\"> from Employment opportunities<\/span><\/a><\/p>\n","protected":false},"author":186,"featured_media":8094,"parent":0,"menu_order":0,"comment_status":"closed","ping_status":"closed","template":"page-templates\/no-title.php","meta":{"_acf_changed":false,"footnotes":""},"class_list":["post-16395","page","type-page","status-publish","has-post-thumbnail","hentry"],"acf":[],"yoast_head":"<!-- This site is optimized with the Yoast SEO plugin v27.3 - https:\/\/yoast.com\/product\/yoast-seo-wordpress\/ -->\n<title>Would you like to work with Sp-Berner?<\/title>\n<meta name=\"description\" content=\"Consult our employment opportunities and become part of a company where the corporate culture is based on collaboration and teamwork.\" \/>\n<meta name=\"robots\" content=\"index, follow, max-snippet:-1, max-image-preview:large, max-video-preview:-1\" \/>\n<link rel=\"canonical\" href=\"https:\/\/sp-berner.com\/en\/employment-opportunities-sp-berner\/\" \/>\n<meta property=\"og:locale\" content=\"en_US\" \/>\n<meta property=\"og:type\" content=\"article\" \/>\n<meta property=\"og:title\" content=\"Would you like to work with Sp-Berner?\" \/>\n<meta property=\"og:description\" content=\"Consult our employment opportunities and become part of a company where the corporate culture is based on collaboration and teamwork.\" \/>\n<meta property=\"og:url\" content=\"https:\/\/sp-berner.com\/en\/employment-opportunities-sp-berner\/\" \/>\n<meta property=\"og:site_name\" content=\"Sp Berner\" \/>\n<meta property=\"article:publisher\" content=\"https:\/\/www.facebook.com\/SpBerner\/\" \/>\n<meta property=\"article:modified_time\" content=\"2023-10-18T08:38:41+00:00\" \/>\n<meta property=\"og:image\" content=\"https:\/\/sp-berner.com\/wp-content\/uploads\/2023\/06\/header-empleo.jpg\" \/>\n\t<meta property=\"og:image:width\" content=\"2100\" \/>\n\t<meta property=\"og:image:height\" content=\"775\" \/>\n\t<meta property=\"og:image:type\" content=\"image\/jpeg\" \/>\n<meta name=\"twitter:card\" content=\"summary_large_image\" \/>\n<meta name=\"twitter:label1\" content=\"Est. reading time\" \/>\n\t<meta name=\"twitter:data1\" content=\"1 minute\" \/>\n<script type=\"application\/ld+json\" class=\"yoast-schema-graph\">{\"@context\":\"https:\\\/\\\/schema.org\",\"@graph\":[{\"@type\":\"WebPage\",\"@id\":\"https:\\\/\\\/sp-berner.com\\\/en\\\/employment-opportunities-sp-berner\\\/\",\"url\":\"https:\\\/\\\/sp-berner.com\\\/en\\\/employment-opportunities-sp-berner\\\/\",\"name\":\"Would you like to work with Sp-Berner?\",\"isPartOf\":{\"@id\":\"https:\\\/\\\/sp-berner.com\\\/en\\\/#website\"},\"primaryImageOfPage\":{\"@id\":\"https:\\\/\\\/sp-berner.com\\\/en\\\/employment-opportunities-sp-berner\\\/#primaryimage\"},\"image\":{\"@id\":\"https:\\\/\\\/sp-berner.com\\\/en\\\/employment-opportunities-sp-berner\\\/#primaryimage\"},\"thumbnailUrl\":\"https:\\\/\\\/sp-berner.com\\\/wp-content\\\/uploads\\\/2023\\\/06\\\/header-empleo.jpg\",\"datePublished\":\"2023-06-14T08:27:42+00:00\",\"dateModified\":\"2023-10-18T08:38:41+00:00\",\"description\":\"Consult our employment opportunities and become part of a company where the corporate culture is based on collaboration and teamwork.\",\"breadcrumb\":{\"@id\":\"https:\\\/\\\/sp-berner.com\\\/en\\\/employment-opportunities-sp-berner\\\/#breadcrumb\"},\"inLanguage\":\"en-US\",\"potentialAction\":[{\"@type\":\"ReadAction\",\"target\":[\"https:\\\/\\\/sp-berner.com\\\/en\\\/employment-opportunities-sp-berner\\\/\"]}]},{\"@type\":\"ImageObject\",\"inLanguage\":\"en-US\",\"@id\":\"https:\\\/\\\/sp-berner.com\\\/en\\\/employment-opportunities-sp-berner\\\/#primaryimage\",\"url\":\"https:\\\/\\\/sp-berner.com\\\/wp-content\\\/uploads\\\/2023\\\/06\\\/header-empleo.jpg\",\"contentUrl\":\"https:\\\/\\\/sp-berner.com\\\/wp-content\\\/uploads\\\/2023\\\/06\\\/header-empleo.jpg\",\"width\":2100,\"height\":775,\"caption\":\"Ofertas de empleo\"},{\"@type\":\"BreadcrumbList\",\"@id\":\"https:\\\/\\\/sp-berner.com\\\/en\\\/employment-opportunities-sp-berner\\\/#breadcrumb\",\"itemListElement\":[{\"@type\":\"ListItem\",\"position\":1,\"name\":\"Inicio\",\"item\":\"https:\\\/\\\/sp-berner.com\\\/en\\\/\"},{\"@type\":\"ListItem\",\"position\":2,\"name\":\"Employment opportunities\"}]},{\"@type\":\"WebSite\",\"@id\":\"https:\\\/\\\/sp-berner.com\\\/en\\\/#website\",\"url\":\"https:\\\/\\\/sp-berner.com\\\/en\\\/\",\"name\":\"Sp-Berner\",\"description\":\"Fabricantes l\u00edderes en la inyecci\u00f3n de pl\u00e1stico sostenible\",\"publisher\":{\"@id\":\"https:\\\/\\\/sp-berner.com\\\/en\\\/#organization\"},\"alternateName\":\"Sp Berner\",\"potentialAction\":[{\"@type\":\"SearchAction\",\"target\":{\"@type\":\"EntryPoint\",\"urlTemplate\":\"https:\\\/\\\/sp-berner.com\\\/en\\\/?s={search_term_string}\"},\"query-input\":{\"@type\":\"PropertyValueSpecification\",\"valueRequired\":true,\"valueName\":\"search_term_string\"}}],\"inLanguage\":\"en-US\"},{\"@type\":\"Organization\",\"@id\":\"https:\\\/\\\/sp-berner.com\\\/en\\\/#organization\",\"name\":\"Sp-Berner\",\"url\":\"https:\\\/\\\/sp-berner.com\\\/en\\\/\",\"logo\":{\"@type\":\"ImageObject\",\"inLanguage\":\"en-US\",\"@id\":\"https:\\\/\\\/sp-berner.com\\\/en\\\/#\\\/schema\\\/logo\\\/image\\\/\",\"url\":\"https:\\\/\\\/sp-berner.com\\\/wp-content\\\/uploads\\\/2023\\\/05\\\/sp-berner-color.svg\",\"contentUrl\":\"https:\\\/\\\/sp-berner.com\\\/wp-content\\\/uploads\\\/2023\\\/05\\\/sp-berner-color.svg\",\"width\":344,\"height\":102,\"caption\":\"Sp-Berner\"},\"image\":{\"@id\":\"https:\\\/\\\/sp-berner.com\\\/en\\\/#\\\/schema\\\/logo\\\/image\\\/\"},\"sameAs\":[\"https:\\\/\\\/www.facebook.com\\\/SpBerner\\\/\"]}]}<\/script>\n<!-- \/ Yoast SEO plugin. -->","yoast_head_json":{"title":"Would you like to work with Sp-Berner?","description":"Consult our employment opportunities and become part of a company where the corporate culture is based on collaboration and teamwork.","robots":{"index":"index","follow":"follow","max-snippet":"max-snippet:-1","max-image-preview":"max-image-preview:large","max-video-preview":"max-video-preview:-1"},"canonical":"https:\/\/sp-berner.com\/en\/employment-opportunities-sp-berner\/","og_locale":"en_US","og_type":"article","og_title":"Would you like to work with Sp-Berner?","og_description":"Consult our employment opportunities and become part of a company where the corporate culture is based on collaboration and teamwork.","og_url":"https:\/\/sp-berner.com\/en\/employment-opportunities-sp-berner\/","og_site_name":"Sp Berner","article_publisher":"https:\/\/www.facebook.com\/SpBerner\/","article_modified_time":"2023-10-18T08:38:41+00:00","og_image":[{"width":2100,"height":775,"url":"https:\/\/sp-berner.com\/wp-content\/uploads\/2023\/06\/header-empleo.jpg","type":"image\/jpeg"}],"twitter_card":"summary_large_image","twitter_misc":{"Est. reading time":"1 minute"},"schema":{"@context":"https:\/\/schema.org","@graph":[{"@type":"WebPage","@id":"https:\/\/sp-berner.com\/en\/employment-opportunities-sp-berner\/","url":"https:\/\/sp-berner.com\/en\/employment-opportunities-sp-berner\/","name":"Would you like to work with Sp-Berner?","isPartOf":{"@id":"https:\/\/sp-berner.com\/en\/#website"},"primaryImageOfPage":{"@id":"https:\/\/sp-berner.com\/en\/employment-opportunities-sp-berner\/#primaryimage"},"image":{"@id":"https:\/\/sp-berner.com\/en\/employment-opportunities-sp-berner\/#primaryimage"},"thumbnailUrl":"https:\/\/sp-berner.com\/wp-content\/uploads\/2023\/06\/header-empleo.jpg","datePublished":"2023-06-14T08:27:42+00:00","dateModified":"2023-10-18T08:38:41+00:00","description":"Consult our employment opportunities and become part of a company where the corporate culture is based on collaboration and teamwork.","breadcrumb":{"@id":"https:\/\/sp-berner.com\/en\/employment-opportunities-sp-berner\/#breadcrumb"},"inLanguage":"en-US","potentialAction":[{"@type":"ReadAction","target":["https:\/\/sp-berner.com\/en\/employment-opportunities-sp-berner\/"]}]},{"@type":"ImageObject","inLanguage":"en-US","@id":"https:\/\/sp-berner.com\/en\/employment-opportunities-sp-berner\/#primaryimage","url":"https:\/\/sp-berner.com\/wp-content\/uploads\/2023\/06\/header-empleo.jpg","contentUrl":"https:\/\/sp-berner.com\/wp-content\/uploads\/2023\/06\/header-empleo.jpg","width":2100,"height":775,"caption":"Ofertas de empleo"},{"@type":"BreadcrumbList","@id":"https:\/\/sp-berner.com\/en\/employment-opportunities-sp-berner\/#breadcrumb","itemListElement":[{"@type":"ListItem","position":1,"name":"Inicio","item":"https:\/\/sp-berner.com\/en\/"},{"@type":"ListItem","position":2,"name":"Employment opportunities"}]},{"@type":"WebSite","@id":"https:\/\/sp-berner.com\/en\/#website","url":"https:\/\/sp-berner.com\/en\/","name":"Sp-Berner","description":"Fabricantes l\u00edderes en la inyecci\u00f3n de pl\u00e1stico sostenible","publisher":{"@id":"https:\/\/sp-berner.com\/en\/#organization"},"alternateName":"Sp Berner","potentialAction":[{"@type":"SearchAction","target":{"@type":"EntryPoint","urlTemplate":"https:\/\/sp-berner.com\/en\/?s={search_term_string}"},"query-input":{"@type":"PropertyValueSpecification","valueRequired":true,"valueName":"search_term_string"}}],"inLanguage":"en-US"},{"@type":"Organization","@id":"https:\/\/sp-berner.com\/en\/#organization","name":"Sp-Berner","url":"https:\/\/sp-berner.com\/en\/","logo":{"@type":"ImageObject","inLanguage":"en-US","@id":"https:\/\/sp-berner.com\/en\/#\/schema\/logo\/image\/","url":"https:\/\/sp-berner.com\/wp-content\/uploads\/2023\/05\/sp-berner-color.svg","contentUrl":"https:\/\/sp-berner.com\/wp-content\/uploads\/2023\/05\/sp-berner-color.svg","width":344,"height":102,"caption":"Sp-Berner"},"image":{"@id":"https:\/\/sp-berner.com\/en\/#\/schema\/logo\/image\/"},"sameAs":["https:\/\/www.facebook.com\/SpBerner\/"]}]}},"_links":{"self":[{"href":"https:\/\/sp-berner.com\/en\/wp-json\/wp\/v2\/pages\/16395","targetHints":{"allow":["GET"]}}],"collection":[{"href":"https:\/\/sp-berner.com\/en\/wp-json\/wp\/v2\/pages"}],"about":[{"href":"https:\/\/sp-berner.com\/en\/wp-json\/wp\/v2\/types\/page"}],"author":[{"embeddable":true,"href":"https:\/\/sp-berner.com\/en\/wp-json\/wp\/v2\/users\/186"}],"replies":[{"embeddable":true,"href":"https:\/\/sp-berner.com\/en\/wp-json\/wp\/v2\/comments?post=16395"}],"version-history":[{"count":0,"href":"https:\/\/sp-berner.com\/en\/wp-json\/wp\/v2\/pages\/16395\/revisions"}],"wp:featuredmedia":[{"embeddable":true,"href":"https:\/\/sp-berner.com\/en\/wp-json\/wp\/v2\/media\/8094"}],"wp:attachment":[{"href":"https:\/\/sp-berner.com\/en\/wp-json\/wp\/v2\/media?parent=16395"}],"curies":[{"name":"wp","href":"https:\/\/api.w.org\/{rel}","templated":true}]}}